{"id":3324,"date":"2023-09-28T14:47:23","date_gmt":"2023-09-28T12:47:23","guid":{"rendered":"https:\/\/francescsempere.com\/declaracio-daccessibilitat\/"},"modified":"2024-09-12T11:58:20","modified_gmt":"2024-09-12T09:58:20","slug":"declaracio-daccessibilitat","status":"publish","type":"page","link":"https:\/\/francescsempere.com\/ca\/declaracio-daccessibilitat\/","title":{"rendered":"Declaraci\u00f3 d&#8217;accessibilitat"},"content":{"rendered":"\n<p>Aquesta \u00e9s una declaraci\u00f3 daccessibilitat de Francesc Sempere:<\/p>\n\n<h3 class=\"wp-block-heading\">Estat de conformitat<\/h3>\n\n<p>Les <a rel=\"noreferrer noopener\" href=\"https:\/\/www.w3.org\/WAI\/standards-guidelines\/wcag\/\" target=\"_blank\">Pautes d&#8217;Accessibilitat per al Contingut Web (WCAG)<\/a> defineixen els requisits perqu\u00e8 els dissenyadors i els desenvolupadors millorin l&#8217;accessibilitat per a les persones amb discapacitats. Defineix tres nivells de conformitat: Nivell A, Nivell AA i Nivell AAA. FRANCESC SEMPERE \u00e9s parcialment conforme amb WCAG 2.1 nivell AA. Parcialment conforme significa que algunes parts del contingut no s&#8217;ajusten completament a l&#8217;est\u00e0ndard d&#8217;accessibilitat.<\/p>\n","protected":false},"excerpt":{"rendered":"<p>Aquesta \u00e9s una declaraci\u00f3 daccessibilitat de Francesc Sempere: Estat de conformitat Les Pautes d&#8217;Accessibilitat per al Contingut Web (WCAG) defineixen els requisits perqu\u00e8 els dissenyadors i els desenvolupadors millorin l&#8217;accessibilitat per a les persones amb discapacitats. Defineix tres nivells de conformitat: Nivell A, Nivell AA i Nivell AAA. FRANCESC SEMPERE \u00e9s parcialment conforme amb WCAG [&hellip;]<\/p>\n","protected":false},"author":1,"featured_media":0,"parent":0,"menu_order":0,"comment_status":"closed","ping_status":"closed","template":"","meta":{"_uag_custom_page_level_css":"","site-sidebar-layout":"default","site-content-layout":"","ast-site-content-layout":"default","site-content-style":"default","site-sidebar-style":"default","ast-global-header-display":"","ast-banner-title-visibility":"","ast-main-header-display":"","ast-hfb-above-header-display":"","ast-hfb-below-header-display":"","ast-hfb-mobile-header-display":"","site-post-title":"","ast-breadcrumbs-content":"","ast-featured-img":"","footer-sml-layout":"","theme-transparent-header-meta":"","adv-header-id-meta":"","stick-header-meta":"","header-above-stick-meta":"","header-main-stick-meta":"","header-below-stick-meta":"","astra-migrate-meta-layouts":"default","ast-page-background-enabled":"default","ast-page-background-meta":{"desktop":{"background-color":"","background-image":"","background-repeat":"repeat","background-position":"center center","background-size":"auto","background-attachment":"scroll","background-type":"","background-media":"","overlay-type":"","overlay-color":"","overlay-opacity":"","overlay-gradient":""},"tablet":{"background-color":"","background-image":"","background-repeat":"repeat","background-position":"center center","background-size":"auto","background-attachment":"scroll","background-type":"","background-media":"","overlay-type":"","overlay-color":"","overlay-opacity":"","overlay-gradient":""},"mobile":{"background-color":"","background-image":"","background-repeat":"repeat","background-position":"center center","background-size":"auto","background-attachment":"scroll","background-type":"","background-media":"","overlay-type":"","overlay-color":"","overlay-opacity":"","overlay-gradient":""}},"ast-content-background-meta":{"desktop":{"background-color":"var(--ast-global-color-5)","background-image":"","background-repeat":"repeat","background-position":"center center","background-size":"auto","background-attachment":"scroll","background-type":"","background-media":"","overlay-type":"","overlay-color":"","overlay-opacity":"","overlay-gradient":""},"tablet":{"background-color":"var(--ast-global-color-5)","background-image":"","background-repeat":"repeat","background-position":"center center","background-size":"auto","background-attachment":"scroll","background-type":"","background-media":"","overlay-type":"","overlay-color":"","overlay-opacity":"","overlay-gradient":""},"mobile":{"background-color":"var(--ast-global-color-5)","background-image":"","background-repeat":"repeat","background-position":"center center","background-size":"auto","background-attachment":"scroll","background-type":"","background-media":"","overlay-type":"","overlay-color":"","overlay-opacity":"","overlay-gradient":""}},"footnotes":""},"class_list":["post-3324","page","type-page","status-publish","hentry"],"yoast_head":"<!-- This site is optimized with the Yoast SEO plugin v27.6 - https:\/\/yoast.com\/product\/yoast-seo-wordpress\/ -->\n<title>Declaraci\u00f3 d&#039;accessibilitat - Francesc Sempere<\/title>\n<meta name=\"robots\" content=\"index, follow, max-snippet:-1, max-image-preview:large, max-video-preview:-1\" \/>\n<link rel=\"canonical\" href=\"https:\/\/francescsempere.com\/ca\/declaracio-daccessibilitat\/\" \/>\n<meta property=\"og:locale\" content=\"ca_ES\" \/>\n<meta property=\"og:type\" content=\"article\" \/>\n<meta property=\"og:title\" content=\"Declaraci\u00f3 d&#039;accessibilitat - Francesc Sempere\" \/>\n<meta property=\"og:description\" content=\"Aquesta \u00e9s una declaraci\u00f3 daccessibilitat de Francesc Sempere: Estat de conformitat Les Pautes d&#8217;Accessibilitat per al Contingut Web (WCAG) defineixen els requisits perqu\u00e8 els dissenyadors i els desenvolupadors millorin l&#8217;accessibilitat per a les persones amb discapacitats. Defineix tres nivells de conformitat: Nivell A, Nivell AA i Nivell AAA. FRANCESC SEMPERE \u00e9s parcialment conforme amb WCAG [&hellip;]\" \/>\n<meta property=\"og:url\" content=\"https:\/\/francescsempere.com\/ca\/declaracio-daccessibilitat\/\" \/>\n<meta property=\"og:site_name\" content=\"Francesc Sempere\" \/>\n<meta property=\"article:modified_time\" content=\"2024-09-12T09:58:20+00:00\" \/>\n<meta name=\"twitter:card\" content=\"summary_large_image\" \/>\n<script type=\"application\/ld+json\" class=\"yoast-schema-graph\">{\"@context\":\"https:\\\/\\\/schema.org\",\"@graph\":[{\"@type\":\"WebPage\",\"@id\":\"https:\\\/\\\/francescsempere.com\\\/ca\\\/declaracio-daccessibilitat\\\/\",\"url\":\"https:\\\/\\\/francescsempere.com\\\/ca\\\/declaracio-daccessibilitat\\\/\",\"name\":\"Declaraci\u00f3 d'accessibilitat - Francesc Sempere\",\"isPartOf\":{\"@id\":\"https:\\\/\\\/francescsempere.com\\\/ca\\\/#website\"},\"datePublished\":\"2023-09-28T12:47:23+00:00\",\"dateModified\":\"2024-09-12T09:58:20+00:00\",\"breadcrumb\":{\"@id\":\"https:\\\/\\\/francescsempere.com\\\/ca\\\/declaracio-daccessibilitat\\\/#breadcrumb\"},\"inLanguage\":\"ca\",\"potentialAction\":[{\"@type\":\"ReadAction\",\"target\":[\"https:\\\/\\\/francescsempere.com\\\/ca\\\/declaracio-daccessibilitat\\\/\"]}]},{\"@type\":\"BreadcrumbList\",\"@id\":\"https:\\\/\\\/francescsempere.com\\\/ca\\\/declaracio-daccessibilitat\\\/#breadcrumb\",\"itemListElement\":[{\"@type\":\"ListItem\",\"position\":1,\"name\":\"Portada\",\"item\":\"https:\\\/\\\/francescsempere.com\\\/ca\\\/inici\\\/\"},{\"@type\":\"ListItem\",\"position\":2,\"name\":\"Declaraci\u00f3 d&#8217;accessibilitat\"}]},{\"@type\":\"WebSite\",\"@id\":\"https:\\\/\\\/francescsempere.com\\\/ca\\\/#website\",\"url\":\"https:\\\/\\\/francescsempere.com\\\/ca\\\/\",\"name\":\"Francesc Sempere fornituras textiles\",\"description\":\"Fornitura textiles y complementos\",\"publisher\":{\"@id\":\"https:\\\/\\\/francescsempere.com\\\/ca\\\/#organization\"},\"potentialAction\":[{\"@type\":\"SearchAction\",\"target\":{\"@type\":\"EntryPoint\",\"urlTemplate\":\"https:\\\/\\\/francescsempere.com\\\/ca\\\/?s={search_term_string}\"},\"query-input\":{\"@type\":\"PropertyValueSpecification\",\"valueRequired\":true,\"valueName\":\"search_term_string\"}}],\"inLanguage\":\"ca\"},{\"@type\":\"Organization\",\"@id\":\"https:\\\/\\\/francescsempere.com\\\/ca\\\/#organization\",\"name\":\"Francesc Sempere\",\"url\":\"https:\\\/\\\/francescsempere.com\\\/ca\\\/\",\"logo\":{\"@type\":\"ImageObject\",\"inLanguage\":\"ca\",\"@id\":\"https:\\\/\\\/francescsempere.com\\\/ca\\\/#\\\/schema\\\/logo\\\/image\\\/\",\"url\":\"https:\\\/\\\/francescsempere.com\\\/wp-content\\\/uploads\\\/2023\\\/09\\\/Francesc-Sempere-Logo-1.png\",\"contentUrl\":\"https:\\\/\\\/francescsempere.com\\\/wp-content\\\/uploads\\\/2023\\\/09\\\/Francesc-Sempere-Logo-1.png\",\"width\":2301,\"height\":767,\"caption\":\"Francesc Sempere\"},\"image\":{\"@id\":\"https:\\\/\\\/francescsempere.com\\\/ca\\\/#\\\/schema\\\/logo\\\/image\\\/\"}}]}<\/script>\n<!-- \/ Yoast SEO plugin. -->","yoast_head_json":{"title":"Declaraci\u00f3 d'accessibilitat - Francesc Sempere","robots":{"index":"index","follow":"follow","max-snippet":"max-snippet:-1","max-image-preview":"max-image-preview:large","max-video-preview":"max-video-preview:-1"},"canonical":"https:\/\/francescsempere.com\/ca\/declaracio-daccessibilitat\/","og_locale":"ca_ES","og_type":"article","og_title":"Declaraci\u00f3 d'accessibilitat - Francesc Sempere","og_description":"Aquesta \u00e9s una declaraci\u00f3 daccessibilitat de Francesc Sempere: Estat de conformitat Les Pautes d&#8217;Accessibilitat per al Contingut Web (WCAG) defineixen els requisits perqu\u00e8 els dissenyadors i els desenvolupadors millorin l&#8217;accessibilitat per a les persones amb discapacitats. Defineix tres nivells de conformitat: Nivell A, Nivell AA i Nivell AAA. FRANCESC SEMPERE \u00e9s parcialment conforme amb WCAG [&hellip;]","og_url":"https:\/\/francescsempere.com\/ca\/declaracio-daccessibilitat\/","og_site_name":"Francesc Sempere","article_modified_time":"2024-09-12T09:58:20+00:00","twitter_card":"summary_large_image","schema":{"@context":"https:\/\/schema.org","@graph":[{"@type":"WebPage","@id":"https:\/\/francescsempere.com\/ca\/declaracio-daccessibilitat\/","url":"https:\/\/francescsempere.com\/ca\/declaracio-daccessibilitat\/","name":"Declaraci\u00f3 d'accessibilitat - Francesc Sempere","isPartOf":{"@id":"https:\/\/francescsempere.com\/ca\/#website"},"datePublished":"2023-09-28T12:47:23+00:00","dateModified":"2024-09-12T09:58:20+00:00","breadcrumb":{"@id":"https:\/\/francescsempere.com\/ca\/declaracio-daccessibilitat\/#breadcrumb"},"inLanguage":"ca","potentialAction":[{"@type":"ReadAction","target":["https:\/\/francescsempere.com\/ca\/declaracio-daccessibilitat\/"]}]},{"@type":"BreadcrumbList","@id":"https:\/\/francescsempere.com\/ca\/declaracio-daccessibilitat\/#breadcrumb","itemListElement":[{"@type":"ListItem","position":1,"name":"Portada","item":"https:\/\/francescsempere.com\/ca\/inici\/"},{"@type":"ListItem","position":2,"name":"Declaraci\u00f3 d&#8217;accessibilitat"}]},{"@type":"WebSite","@id":"https:\/\/francescsempere.com\/ca\/#website","url":"https:\/\/francescsempere.com\/ca\/","name":"Francesc Sempere fornituras textiles","description":"Fornitura textiles y complementos","publisher":{"@id":"https:\/\/francescsempere.com\/ca\/#organization"},"potentialAction":[{"@type":"SearchAction","target":{"@type":"EntryPoint","urlTemplate":"https:\/\/francescsempere.com\/ca\/?s={search_term_string}"},"query-input":{"@type":"PropertyValueSpecification","valueRequired":true,"valueName":"search_term_string"}}],"inLanguage":"ca"},{"@type":"Organization","@id":"https:\/\/francescsempere.com\/ca\/#organization","name":"Francesc Sempere","url":"https:\/\/francescsempere.com\/ca\/","logo":{"@type":"ImageObject","inLanguage":"ca","@id":"https:\/\/francescsempere.com\/ca\/#\/schema\/logo\/image\/","url":"https:\/\/francescsempere.com\/wp-content\/uploads\/2023\/09\/Francesc-Sempere-Logo-1.png","contentUrl":"https:\/\/francescsempere.com\/wp-content\/uploads\/2023\/09\/Francesc-Sempere-Logo-1.png","width":2301,"height":767,"caption":"Francesc Sempere"},"image":{"@id":"https:\/\/francescsempere.com\/ca\/#\/schema\/logo\/image\/"}}]}},"uagb_featured_image_src":{"full":false,"thumbnail":false,"medium":false,"medium_large":false,"large":false,"1536x1536":false,"2048x2048":false},"uagb_author_info":{"display_name":"domingo","author_link":"https:\/\/francescsempere.com\/ca\/author\/domingo\/"},"uagb_comment_info":0,"uagb_excerpt":"Aquesta \u00e9s una declaraci\u00f3 daccessibilitat de Francesc Sempere: Estat de conformitat Les Pautes d&#8217;Accessibilitat per al Contingut Web (WCAG) defineixen els requisits perqu\u00e8 els dissenyadors i els desenvolupadors millorin l&#8217;accessibilitat per a les persones amb discapacitats. Defineix tres nivells de conformitat: Nivell A, Nivell AA i Nivell AAA. FRANCESC SEMPERE \u00e9s parcialment conforme amb WCAG&hellip;","_links":{"self":[{"href":"https:\/\/francescsempere.com\/ca\/wp-json\/wp\/v2\/pages\/3324","targetHints":{"allow":["GET"]}}],"collection":[{"href":"https:\/\/francescsempere.com\/ca\/wp-json\/wp\/v2\/pages"}],"about":[{"href":"https:\/\/francescsempere.com\/ca\/wp-json\/wp\/v2\/types\/page"}],"author":[{"embeddable":true,"href":"https:\/\/francescsempere.com\/ca\/wp-json\/wp\/v2\/users\/1"}],"replies":[{"embeddable":true,"href":"https:\/\/francescsempere.com\/ca\/wp-json\/wp\/v2\/comments?post=3324"}],"version-history":[{"count":1,"href":"https:\/\/francescsempere.com\/ca\/wp-json\/wp\/v2\/pages\/3324\/revisions"}],"predecessor-version":[{"id":3331,"href":"https:\/\/francescsempere.com\/ca\/wp-json\/wp\/v2\/pages\/3324\/revisions\/3331"}],"wp:attachment":[{"href":"https:\/\/francescsempere.com\/ca\/wp-json\/wp\/v2\/media?parent=3324"}],"curies":[{"name":"wp","href":"https:\/\/api.w.org\/{rel}","templated":true}]}}